{"id":9,"date":"2012-11-14T21:21:45","date_gmt":"2012-11-14T21:21:45","guid":{"rendered":"https:\/\/www.historymuseum.ca\/vodou\/?page_id=9"},"modified":"2012-12-06T19:38:36","modified_gmt":"2012-12-06T19:38:36","slug":"home","status":"publish","type":"page","link":"https:\/\/www.historymuseum.ca\/vodou\/","title":{"rendered":"Home"},"content":{"rendered":"<h1><strong>Haitian Vodou, as You&#8217;ve Never Seen It Before!<\/strong><\/h1>\n<p>Forget the Hollywood version, with its zombies and pins stuck in dolls! Instead, discover a world rich in history and culture. Meet the practitioners of a spiritual tradition, and learn more about their beliefs and rituals.<\/p>\n<p>For the very first time in Canada, travel through this little-known universe, and be transported by one of the greatest collections of Vodou objects in the world.<\/p>\n<p><em><em>An exhibition produced in association with the Fondation pour la pr\u00e9servation, la valorisation et la production d&#8217;\u0153uvres culturelles ha\u00eftiennes (FPVPOCH), in partnership with the Mus\u00e9e d&#8217;ethnographie de Gen\u00e8ve, Geneva, Switzerland, and the Tropenmuseum, Amsterdam, Netherlands<\/em><em>).<\/em> <\/em><\/p>\n","protected":false},"excerpt":{"rendered":"<p>Haitian Vodou, as You&#8217;ve Never Seen It Before! Forget the Hollywood version, with its zombies and pins stuck in dolls! Instead, discover a world rich in history and culture. Meet the practitioners of a spiritual tradition, and learn more about their beliefs and rituals. For the very first time in Canada, travel through this little-known [&hellip;]<\/p>\n","protected":false},"author":1,"featured_media":0,"parent":0,"menu_order":1,"comment_status":"open","ping_status":"open","template":"tpl-home-vodou.php","meta":{"footnotes":""},"_links":{"self":[{"href":"https:\/\/www.historymuseum.ca\/vodou\/wp-json\/wp\/v2\/pages\/9"}],"collection":[{"href":"https:\/\/www.historymuseum.ca\/vodou\/wp-json\/wp\/v2\/pages"}],"about":[{"href":"https:\/\/www.historymuseum.ca\/vodou\/wp-json\/wp\/v2\/types\/page"}],"author":[{"embeddable":true,"href":"https:\/\/www.historymuseum.ca\/vodou\/wp-json\/wp\/v2\/users\/1"}],"replies":[{"embeddable":true,"href":"https:\/\/www.historymuseum.ca\/vodou\/wp-json\/wp\/v2\/comments?post=9"}],"version-history":[{"count":9,"href":"https:\/\/www.historymuseum.ca\/vodou\/wp-json\/wp\/v2\/pages\/9\/revisions"}],"predecessor-version":[{"id":88,"href":"https:\/\/www.historymuseum.ca\/vodou\/wp-json\/wp\/v2\/pages\/9\/revisions\/88"}],"wp:attachment":[{"href":"https:\/\/www.historymuseum.ca\/vodou\/wp-json\/wp\/v2\/media?parent=9"}],"curies":[{"name":"wp","href":"https:\/\/api.w.org\/{rel}","templated":true}]}}