{"id":2412,"date":"2011-11-23T11:13:27","date_gmt":"2011-11-23T15:13:27","guid":{"rendered":"https:\/\/www.historymuseum.ca\/virtual-museum-of-new-france\/"},"modified":"2011-11-23T12:03:42","modified_gmt":"2011-11-23T16:03:42","slug":"pierre-de-troyes-1686","status":"publish","type":"page","link":"https:\/\/www.historymuseum.ca\/virtual-museum-of-new-france\/the-explorers\/pierre-de-troyes-1686\/","title":{"rendered":"Pierre de Troyes 1686"},"content":{"rendered":"<p>Little is known about Pierre de Troyes\u2019 past. The man who left his mark on Hudson\u2019s Bay, mostly around modern-day James Bay and who died at Fort Niagara was probably from Champagne or Normandy. The son of Alard and Michel de Troyes, suppliers to the Parliament in Paris, he was married in 1681 and a member of the officer corps of the Piedmont regiment. His stamina and daring indicate that he was probably less than 40 years old when he first arrived in New France.<\/p>\n<h2>Route<\/h2>\n\r\n      <div class=\"non-animated-mobile-map\">\r\n        <img decoding=\"async\" src=\"https:\/\/www.historymuseum.ca\/virtual-museum-of-new-france\/wp-content\/themes\/nouvelle-france-responsive\/maps\/en\/chevalierdetroyes-1686\/ChevalierDeTroyes_1686_en.jpg\" title=\"ChevalierDeTroyes 1686\" alt=\"ChevalierDeTroyes 1686\" \/>\r\n      <\/div>\r\n      <div class=\"chevalierdetroyes1686Map animated-map\" style=\"width:572px; height:402px; position:relative; margin: 10px auto; background-image:url(https:\/\/www.historymuseum.ca\/virtual-museum-of-new-france\/wp-content\/themes\/nouvelle-france-responsive\/maps\/en\/chevalierdetroyes-1686\/map-fr.png); background-repeat:no-repeat;\">\r\n            <script type=\"text\/javascript\" src=\"https:\/\/www.historymuseum.ca\/virtual-museum-of-new-france\/wp-content\/themes\/nouvelle-france-responsive\/maps\/en\/chevalierdetroyes-1686\/chevalierdetroyes-1686.js\"><\/script>\r\n            <canvas id=\"chevalierdetroyes1686Canvas\" width=\"572\" height=\"402\" style=\"position:absolute;left:0;top:0;z-index:1\">\r\n              <img decoding=\"async\" src=\"https:\/\/www.historymuseum.ca\/virtual-museum-of-new-france\/wp-content\/themes\/nouvelle-france-responsive\/maps\/en\/chevalierdetroyes-1686\/ChevalierDeTroyes_1686_en.jpg\" title=\"ChevalierDeTroyes 1686\" alt=\"ChevalierDeTroyes 1686\" \/>\r\n            <\/canvas>\r\n            <canvas id=\"chevalierdetroyes1686Canvas2\" width=\"572\" height=\"402\" style=\"position:absolute;left:0;top:0;z-index:2\"><\/canvas>\r\n            <canvas id=\"chevalierdetroyes1686Canvas3\" width=\"572\" height=\"402\" style=\"position:absolute;left:0;top:0;z-index:3\"><\/canvas>\r\n            <canvas id=\"chevalierdetroyes1686Canvas4\" width=\"572\" height=\"402\" style=\"position:absolute;left:0;top:0;z-index:4\"><\/canvas>\r\n            <canvas id=\"chevalierdetroyes1686Canvas5\" width=\"572\" height=\"402\" style=\"position:absolute;left:0;top:0;z-index:5\"><\/canvas>\r\n      <\/div>\r\n      <div class=\"mapbutton-wrap\" style=\"width:572px;\">\r\n        <button class=\"mapbutton\" style=\"float: right\" onclick=\"chevalierdetroyes1686Reset();\">Reset Map<\/button>\r\n      <\/div>\r\n      <div class=\"clear\"><\/div>\r\n    \n<h2>Controlling the fur trade<\/h2>\n<p>Having been appointed, on March 5, 1685, captain of a company of marines on duty in the colony, Pierre de Troyes lands at Qu\u00e9bec on August 1, 1685. The Governor, Jacques-Ren\u00e9 de Brisay, Marquis de Denonville, the successor to Antoine Le Febvre de La Barre, is aboard the same ship.<\/p>\n<p>Denonville immediately throws his support behind the Compagnie du Nord or Compagnie fran\u00e7aise de la baie d\u2019Hudson, which had been created five years earlier at the instigation of de Charles Aubert de La Chesnaye. Like the Company\u2019s associates, he wishes to retake Fort Bourbon, which had been set up in 1682 at Hudson\u2019s Bay and seize the settlements occupied by or built by the English. And so, the new governor agrees that an expedition, which is assembled during the winter of 1685-1686, will be financed by the Compagnie du Nord.<\/p>\n<h2>The Governor\u2019s man<\/h2>\n<p>On February 12, 1686, Denonville orders \u201cau sieur de Troyes\u201d to leave Qu\u00e9bec \u201cto occupy the posts on the shores of the Northern Bay\u201d. The troop consists of 30 soldiers and 70 Canadians chosen for their ability to travel. canoe and fight. A drummer, an interpreter, one or more carpenters and a blacksmith are part of the group which is equipped with swords, tools, pickaxes, spades and shovels. Three brothers who will be famous someday are in charge of three separate groups of about 30 men. They are Pierre Le Moyne d\u2019Iberville, Paul Le Moyne de Maricourt et Jacques Le Moyne de Sainte-H\u00e9l\u00e8ne, all from Montr\u00e9al.<\/p>\n<p>On March 3, after attending mass at the church of Notre-Dame in Montr\u00e9al, the troops head for rivi\u00e8re des Prairies. From the Lake of Two Mountains, they turn towards the Ottawa River. On April 9, they travel up the Long Sault (the Carillon rapids) and, two days later, they reach the portage point at Chute-\u00e0-Blondeau. On May 1st , they set up camp on the future site of Fort Coulonge where, faithful to tradition, the men plant a may tree and fire a salvo in front of the tents of Pierre de Troyes and the Le Moyne brothers.<\/p>\n<h2>To Abitibi and James Bay<\/h2>\n<p>On June 10, just as the party is about to reach the point where the Abitibi River and Moose River meet, the canoe carrying Noel Leblanc, one of the best Canadians in the troop, capsizes. Reaching James Bay itself around June 19, de Troyes must select what will be the first of three targets: Fort Monsoni (Moose Factory), Fort Rupert (Charles), or Fort Quichichouane (Albany); all are situated at the near end of James Bay. Fort Monsoni is the closest and with easy access. On June 20, after returning from a reconnaissance mission on the Monsoni River, d\u2019Iberville confirms that it is \u201ctime to strike\u201d. They construct a battering ram and hone the blades of their swords.<\/p>\n<h2>Many battles and many victories<\/h2>\n<p>The same day, June 20, 1686, the men surround Fort Monsoni, neutralize the English cannons, recapture La Sainte-Anne, an old sailing ship which the English had seized and charge the fort, swords in hand. \u201cI discovered that I had great difficulty,\u201d writes the chevalier de Troyes, \u201ctrying to stop the assault of the Canadians who, screaming like savages, demanding the opportunity to use their knives.\u201d The battle lasts half an hour.<\/p>\n<p>The captain wavers between an attack on Fort Rupert, located on the Nemiskau River, Fort Quichichouane, on the Sainte-Anne River or Albany. He decides on Fort Rupert where a ship lies at anchor. It will be useful for the attack on Quichichouane. Sainte-H\u00e9l\u00e8ne, who took charge of the scouting mission, returns on July 2, saying that the way is clear. The troops head out in birchbark canoes and, on a date not specified in the reports of the chevalier de Troyes, they take the ship and Fort Rupert without much of a fight because they attacked in the night. After having loaded the ship with furniture and other valuables, they destroy the fort.<\/p>\n<p>Back at Fort Monsoni in mid-July, Troyes plans the rest of the campaign. The next step is to send some of the men by sailing ship and Iberville\u2019s men in the vessel they arrived in. On the 23rd , the ships lay siege to Fort Quichichouane, but the ultimatum given the governor, Henry Sergeant, does not bring about the hoped-for surrender. Supplies are running low. A prayer by the troops to Saint Anne seems to work \u201cThe wind changed suddenly and drove our vessel with its battery of eight cannons, which we had not been able to use on the 25 th, the eve of Saint Anne\u2019s day.\u201d On the 26 th, after the usual negotiations over several bottles of good Spanish wine, the English surrender. Quichichouane is renamed fort Sainte-Anne.<\/p>\n<h2>The best of our captains<\/h2>\n<p>On August 10, 1686, the chevalier de Troyes entrusted d\u2019Iberville with defending Fort Monsoni and returned to Qu\u00e9bec. A few weeks after his return, Denonville expressed his satisfaction to the Marquis de Seignelay, Minister for the Colonies :<\/p>\n<p>\u201cThe sieur de Troyes is the smartest and the most capable of all our captains. He has the kind of spirit needed to command others. There can be no better example than the behaviour he demonstrated during our Northern undertaking where he needed to be very clever to get the Canadians to deliver the kind of service and dedication they demonstrated. \u201c<\/p>\n<p>The abilities of the chevalier de Troyes explain why he commanded one of the four regiments sent to Fort Frontenac in June 1687 as part of a peace conference to deal with the kidnappings by the Iroquois. For the same reason, he was entrusted, shortly thereafter, with the command of Fort Niagara and a hundred men. He dies there, on May 8, 1688 either from scurvy or from fever caused by eating spoiled food. Ironically. a few weeks earlier, the fort\u2019s few survivors had plotted to kill the chevalier de Troyes and elect their own commander.<\/p>\n","protected":false},"excerpt":{"rendered":"<p>Little is known about Pierre de Troyes\u2019 past. The man who left his mark on Hudson\u2019s Bay, mostly around modern-day James Bay and who died at Fort Niagara was probably from Champagne or Normandy. The son of Alard and Michel de Troyes, suppliers to the Parliament in Paris, he was married in 1681 and a [&hellip;]<\/p>\n","protected":false},"author":15,"featured_media":0,"parent":2338,"menu_order":160,"comment_status":"open","ping_status":"closed","template":"","meta":{"footnotes":""},"_links":{"self":[{"href":"https:\/\/www.historymuseum.ca\/virtual-museum-of-new-france\/wp-json\/wp\/v2\/pages\/2412"}],"collection":[{"href":"https:\/\/www.historymuseum.ca\/virtual-museum-of-new-france\/wp-json\/wp\/v2\/pages"}],"about":[{"href":"https:\/\/www.historymuseum.ca\/virtual-museum-of-new-france\/wp-json\/wp\/v2\/types\/page"}],"author":[{"embeddable":true,"href":"https:\/\/www.historymuseum.ca\/virtual-museum-of-new-france\/wp-json\/wp\/v2\/users\/15"}],"replies":[{"embeddable":true,"href":"https:\/\/www.historymuseum.ca\/virtual-museum-of-new-france\/wp-json\/wp\/v2\/comments?post=2412"}],"version-history":[{"count":2,"href":"https:\/\/www.historymuseum.ca\/virtual-museum-of-new-france\/wp-json\/wp\/v2\/pages\/2412\/revisions"}],"predecessor-version":[{"id":2437,"href":"https:\/\/www.historymuseum.ca\/virtual-museum-of-new-france\/wp-json\/wp\/v2\/pages\/2412\/revisions\/2437"}],"up":[{"embeddable":true,"href":"https:\/\/www.historymuseum.ca\/virtual-museum-of-new-france\/wp-json\/wp\/v2\/pages\/2338"}],"wp:attachment":[{"href":"https:\/\/www.historymuseum.ca\/virtual-museum-of-new-france\/wp-json\/wp\/v2\/media?parent=2412"}],"curies":[{"name":"wp","href":"https:\/\/api.w.org\/{rel}","templated":true}]}}