{"id":2408,"date":"2011-11-23T10:53:51","date_gmt":"2011-11-23T14:53:51","guid":{"rendered":"https:\/\/www.historymuseum.ca\/virtual-museum-of-new-france\/"},"modified":"2011-11-23T12:03:14","modified_gmt":"2011-11-23T16:03:14","slug":"pierre-gaultier-de-varennes-et-de-la-verendrye-1732-1739","status":"publish","type":"page","link":"https:\/\/www.historymuseum.ca\/virtual-museum-of-new-france\/the-explorers\/pierre-gaultier-de-varennes-et-de-la-verendrye-1732-1739\/","title":{"rendered":"Pierre Gaultier de Varennes et de La V\u00e9rendrye 1732-1739"},"content":{"rendered":"<h1><\/h1>\n<p>Pierre Gaultier de Varennes et de La V\u00e9rendrye was born in Trois-Rivi\u00e8res on November 17, 1685. The last of the nine children of Ren\u00e9 Gaultier de Varennes, a former officer of the Carignan Regiment, and Marie Boucher, he was the grandson of Pierre Boucher. At an age when others were enjoying their retirement, he was exploring the Canadian West and having eight forts or trading posts built between Lake Superior and present-day Manitoba. Two of his sons were the first Frenchmen to see and describe the eastern side of the Rocky Mountains.<\/p>\n<h2>Route<\/h2>\n\r\n      <div class=\"non-animated-mobile-map\">\r\n        <img decoding=\"async\" src=\"https:\/\/www.historymuseum.ca\/virtual-museum-of-new-france\/wp-content\/themes\/nouvelle-france-responsive\/maps\/en\/laverendrye_1732-1739\/Laverendrye_1732-1739_en.jpg\" title=\"Laverendrye 1732-1739\" alt=\"Laverendrye 1732-1739\" \/>\r\n      <\/div>\r\n      <div class=\"laverendrye17321739Map animated-map\" style=\"width:571px; height:422px; position:relative; margin: 10px auto; background-image:url(https:\/\/www.historymuseum.ca\/virtual-museum-of-new-france\/wp-content\/themes\/nouvelle-france-responsive\/maps\/en\/laverendrye_1732-1739\/map-fr.png); background-repeat:no-repeat;\">\r\n            <script type=\"text\/javascript\" src=\"https:\/\/www.historymuseum.ca\/virtual-museum-of-new-france\/wp-content\/themes\/nouvelle-france-responsive\/maps\/en\/laverendrye_1732-1739\/laverendrye_1732-1739.js\"><\/script>\r\n            <canvas id=\"laverendrye17321739Canvas\" width=\"571\" height=\"422\" style=\"position:absolute;left:0;top:0;z-index:1\">\r\n              <img decoding=\"async\" src=\"https:\/\/www.historymuseum.ca\/virtual-museum-of-new-france\/wp-content\/themes\/nouvelle-france-responsive\/maps\/en\/laverendrye_1732-1739\/Laverendrye_1732-1739_en.jpg\" title=\"Laverendrye 1732-1739\" alt=\"Laverendrye 1732-1739\" \/>\r\n            <\/canvas>\r\n            <canvas id=\"laverendrye17321739Canvas2\" width=\"571\" height=\"422\" style=\"position:absolute;left:0;top:0;z-index:2\"><\/canvas>\r\n            <canvas id=\"laverendrye17321739Canvas3\" width=\"571\" height=\"422\" style=\"position:absolute;left:0;top:0;z-index:3\"><\/canvas>\r\n            <canvas id=\"laverendrye17321739Canvas4\" width=\"571\" height=\"422\" style=\"position:absolute;left:0;top:0;z-index:4\"><\/canvas>\r\n            <canvas id=\"laverendrye17321739Canvas5\" width=\"571\" height=\"422\" style=\"position:absolute;left:0;top:0;z-index:5\"><\/canvas>\r\n      <\/div>\r\n      <div class=\"mapbutton-wrap\" style=\"width:571px;\">\r\n        <button class=\"mapbutton\" style=\"float: right\" onclick=\"laverendrye17321739Reset();\">Reset Map<\/button>\r\n      <\/div>\r\n      <div class=\"clear\"><\/div>\r\n    \n<h2>Soldier and Farmer<\/h2>\n<p>At the age of 11, Pierre Gauthier de Varennes was enrolled in the Jesuit seminary in Qu\u00e9bec. Three years later, after completing part of the secondary course, he joined the army. In 1704 and 1705, first as a cadet and then an ensign, he took part in the armed struggle between France and England in New England and Newfoundland. Anxious to rise in the military ranks, he went to France where he joined the Brittany regiment. In 1709, the War of the Spanish Succession brought him a few injuries, imprisonment and the rank of lieutenant. Upon the death of his brother Louis, a sub-lieutenant in the same regiment, Pierre adopted the appellation by which Louis had been known: La V\u00e9rendrye.<\/p>\n<p>He was granted permission to return to New France on May 24, 1712. In the fall he married Marie-Anne Dandonneau du Sabl\u00e9, the fianc\u00e9e who had been waiting for him for five years. They settled in the Trois-Rivi\u00e8res area, where farming became their main source of income.<\/p>\n<h2>The Search for the \u201cVermilion Sea\u201d<\/h2>\n<p>By 1726 Pierre Gaultier de La V\u00e9rendrye was the head of a family of four boys and two girls. He then turned away from his hitherto sedentary life to join the fur trading venture formed by his brother Jacques-Ren\u00e9, commandant of the Poste du Nord in the Lake Superior region. Upon arrival there, he accepted the post of second in command, later becoming commandant in 1728.<\/p>\n<p>During these two years in the northern posts of the Great Lakes Pierre Gaultier de La V\u00e9rendrye became certain that exploration of Lake Winnipeg and the \u201cgreat Western river\u201d would ultimately lead to the discovery of the Pacific Ocean.<\/p>\n<p>In 1728 and 1729, he applied to the governor Charles de Beauharnois to set out for the West on an official mission, arguing that he already knew the route and had a knowledgeable guide: \u201cI have also taken care to acquire a Savage capable of leading there a convoy, in the event that it should please His Majesty to honour me with your orders to effect this Discovery.\u201d<\/p>\n<p>He pleaded his case in person in Qu\u00e9bec, in 1730. The governor and Intendant Gilles Hocquart supported the project as if it were their own. They defended it to the minister of the colonies, emphasizing the fact that a French presence in the West would enrich New France while at the same time damaging British trade in Hudson Bay.<\/p>\n<h2>First Forts on the Prairie Frontier<\/h2>\n<p>When he left Montreal on June 8, 1731, in the company of three of his sons and some 50 engag\u00e9s, La V\u00e9rendrye had no financial backing. He had eight partners with whom he shared the fur trade monopoly in the Lake Winnipeg region.<\/p>\n<p>In late August, the group passed Michillimakinac and Lake Superior. Despite the defection of some engag\u00e9s, part of the expedition, headed by La V\u00e9rendrye\u2019s son and nephew, headed for Rainy Lake. Fort Saint-Pierre was already constructed before the onset of winter. In the early summer of 1732, there were at Lake of the Woods, where Fort Saint-Charles was built. The following year a secondary post was established on the Red River. In May 1734, while La V\u00e9rendrye was en route to Montreal, he had some men march to Lake Winnipeg where they commenced construction of Fort Maurepas, named after the minister of the colonies.<\/p>\n<h2>The Beaver Sea<\/h2>\n<p>Given what was expected of him, the fact that La V\u00e9rendrye had dispatched large quantities of furs to the colony did not weigh heavily in his favour. He had promised to discover the Western sea, and in three years had gone no further than Lake Winnipeg. Upon arriving in Qu\u00e9bec in 1734, he found that his reputation had been tarnished by those who, paraphrasing Maurepas, said that he was \u201cseeking not the Western sea, but the Beaver sea.\u201d<\/p>\n<p>When he set out again in June 1735, the explorer was virtually an employee of his associates. He undertook to devote himself solely to the search for the Pacific, and they would supervise the administration of the forts he built. Shortly after his arrival at Fort Saint-Charles, Christophe Dufrost de la Jemmerais, his nephew and the most efficient of his companions, succumbed to an illness. On June 6, 1736, his son Jean-Baptiste, the Jesuit Jean-Pierre Aulneau and 19 companions were murdered at Lake of the Woods.<\/p>\n<h2>Discovery of the Rockies<\/h2>\n<p>In greater debt than ever before, the explorer had to continue on. On September 28, 1738, he reached the mouth of the Assiniboine River and the site of present-day Winnipeg. He had Fort La Reine (Portage-la-Prairie, Manitoba) built in early October. On December 3 he entered what is now North Dakota. This was to be the farthest point of his travels.<\/p>\n<p>After wintering at Fort La Reine, La V\u00e9rendrye returned to Montreal. Meanwhile his sons were exploring part of the Saskatchewan River and lakes Manitoba, Winnipegosis, Bourbon and Dauphin. Back in the west in the fall of 1741, La V\u00e9rendrye planned the construction of forts on lakes Bourbon and Dauphin.<\/p>\n<p>On April 9, 1742, Louis-Joseph and Fran\u00e7ois left Fort La Reine, with orders to travel as far as possible to the west. By January 1, 1743, they had ascended the Upper Missouri as far as Yellowstone River. A huge wall of stone barred their way and the view of the West. They were at the foot of the Rocky Mountains.<\/p>\n<h2>Disgrace and Envy<\/h2>\n<p>In 1743 Pierre Gaultier de La V\u00e9rendrye left the West, not knowing that he would never come back. Shortly after his return, he resigned: France ascribed no importance to the discoveries made by his family, nor to goods they yielded.<\/p>\n<p>Beauharnois, who had always supported him, made his life easier by awarding him a few honorary duties in 1744. Five years later, the governor was so successful in pleading the explorer\u2019s case that the king recognized the value of his discoveries by assigning him the management of the Western posts and awarding him the Croix de Saint-Louis, the most prestigious distinction of the time.<\/p>\n<p>Pierre Gaultier de La V\u00e9rendrye was preparing an expedition to the Saskatchewan River when he died in Montreal on December 5, 1749. His sons benefited in no way from what they had accomplished. \u201cHere more than elsewhere, envy remains a passion much in fashion, from which it is not possible to protect oneself,\u201d ,\u201d wrote Louis-Joseph to Maurepas in 1750. \u201cEven as my father with my brothers and myself was wearing himself out with fatigue and expenditure, his efforts were represented as directed only toward the discovery of beaver, his forced expenditures as nothing but dissipation, his communications as nothing but lies. Envy in this country does not exist in half-measures [&#8230;]\u201c<\/p>\n","protected":false},"excerpt":{"rendered":"<p>Pierre Gaultier de Varennes et de La V\u00e9rendrye was born in Trois-Rivi\u00e8res on November 17, 1685. The last of the nine children of Ren\u00e9 Gaultier de Varennes, a former officer of the Carignan Regiment, and Marie Boucher, he was the grandson of Pierre Boucher. At an age when others were enjoying their retirement, he was [&hellip;]<\/p>\n","protected":false},"author":15,"featured_media":0,"parent":2338,"menu_order":190,"comment_status":"open","ping_status":"closed","template":"","meta":{"footnotes":""},"_links":{"self":[{"href":"https:\/\/www.historymuseum.ca\/virtual-museum-of-new-france\/wp-json\/wp\/v2\/pages\/2408"}],"collection":[{"href":"https:\/\/www.historymuseum.ca\/virtual-museum-of-new-france\/wp-json\/wp\/v2\/pages"}],"about":[{"href":"https:\/\/www.historymuseum.ca\/virtual-museum-of-new-france\/wp-json\/wp\/v2\/types\/page"}],"author":[{"embeddable":true,"href":"https:\/\/www.historymuseum.ca\/virtual-museum-of-new-france\/wp-json\/wp\/v2\/users\/15"}],"replies":[{"embeddable":true,"href":"https:\/\/www.historymuseum.ca\/virtual-museum-of-new-france\/wp-json\/wp\/v2\/comments?post=2408"}],"version-history":[{"count":2,"href":"https:\/\/www.historymuseum.ca\/virtual-museum-of-new-france\/wp-json\/wp\/v2\/pages\/2408\/revisions"}],"predecessor-version":[{"id":2435,"href":"https:\/\/www.historymuseum.ca\/virtual-museum-of-new-france\/wp-json\/wp\/v2\/pages\/2408\/revisions\/2435"}],"up":[{"embeddable":true,"href":"https:\/\/www.historymuseum.ca\/virtual-museum-of-new-france\/wp-json\/wp\/v2\/pages\/2338"}],"wp:attachment":[{"href":"https:\/\/www.historymuseum.ca\/virtual-museum-of-new-france\/wp-json\/wp\/v2\/media?parent=2408"}],"curies":[{"name":"wp","href":"https:\/\/api.w.org\/{rel}","templated":true}]}}