
{"id":3245,"date":"2015-05-01T16:28:00","date_gmt":"2015-05-01T20:28:00","guid":{"rendered":"https:\/\/www.historymuseum.ca\/boutique\/?post_type=product&#038;p=3245"},"modified":"2025-06-10T15:22:27","modified_gmt":"2025-06-10T19:22:27","slug":"histoire-generale-du-canada-en","status":"publish","type":"product","link":"https:\/\/www.historymuseum.ca\/boutique\/product\/histoire-generale-du-canada-en\/","title":{"rendered":"Histoire g\u00e9n\u00e9rale du Canada"},"content":{"rendered":"","protected":false},"excerpt":{"rendered":"<p>Depuis l&#8217;Am\u00e9rique des premi\u00e8res nations jusqu&#8217;\u00e0 nos jours, cette histoire du Canada et de ses habitants dresse un portrait exhaustif de l&#8217;\u00e9volution du territoire, de la population, du d\u00e9veloppement \u00e9conomique, de la vie politique, sociale et culturelle de chaque r\u00e9gion du Canada.<\/p>\n<p><strong>Auteur :<\/strong> Craig Brown \u2013 Diffusion Dimedia Inc<\/p>\n<p><strong>Parution<\/strong> : 15 novembre 1988, 694 pages<\/p>\n<p>This book is only available in French.<\/p>\n","protected":false},"featured_media":27385,"comment_status":"open","ping_status":"closed","template":"","meta":{"_acf_changed":false},"product_cat":[301,411],"product_tag":[],"acf":[],"_links":{"self":[{"href":"https:\/\/www.historymuseum.ca\/boutique\/wp-json\/wp\/v2\/product\/3245"}],"collection":[{"href":"https:\/\/www.historymuseum.ca\/boutique\/wp-json\/wp\/v2\/product"}],"about":[{"href":"https:\/\/www.historymuseum.ca\/boutique\/wp-json\/wp\/v2\/types\/product"}],"replies":[{"embeddable":true,"href":"https:\/\/www.historymuseum.ca\/boutique\/wp-json\/wp\/v2\/comments?post=3245"}],"wp:featuredmedia":[{"embeddable":true,"href":"https:\/\/www.historymuseum.ca\/boutique\/wp-json\/wp\/v2\/media\/27385"}],"wp:attachment":[{"href":"https:\/\/www.historymuseum.ca\/boutique\/wp-json\/wp\/v2\/media?parent=3245"}],"wp:term":[{"taxonomy":"product_cat","embeddable":true,"href":"https:\/\/www.historymuseum.ca\/boutique\/wp-json\/wp\/v2\/product_cat?post=3245"},{"taxonomy":"product_tag","embeddable":true,"href":"https:\/\/www.historymuseum.ca\/boutique\/wp-json\/wp\/v2\/product_tag?post=3245"}],"curies":[{"name":"wp","href":"https:\/\/api.w.org\/{rel}","templated":true}]}}