
{"id":21706,"date":"2023-12-12T14:50:16","date_gmt":"2023-12-12T19:50:16","guid":{"rendered":"https:\/\/www.historymuseum.ca\/boutique\/?post_type=product&#038;p=21706"},"modified":"2026-03-20T14:41:24","modified_gmt":"2026-03-20T18:41:24","slug":"owls-bouquet-hardcover-journal-by-kenojuak-ashevak","status":"publish","type":"product","link":"https:\/\/www.historymuseum.ca\/boutique\/product\/owls-bouquet-hardcover-journal-by-kenojuak-ashevak\/","title":{"rendered":"Owl&#8217;s Bouquet Hardcover Journal by Kenojuak Ashevak"},"content":{"rendered":"<p>Owl&#8217;s Bouquet is featured on the ten dollar bill printed by the Bank of Canada in 2017 for celebrating the 150th anniversary of Confederation. This is the first time that work by an Inuit artist has appeared on a bank note and only the second time that original visual art has been included in a composition.<\/p>\n<p>Kenojuak Ashevak voit le jour dans le camp d&#8217;Ikirisaa, dans le sud de l&#8217;\u00eele de Baffin, et grandit en voyageant d&#8217;un camp de chasse \u00e0 l&#8217;autre, entre son \u00eele natale et le Nord qu\u00e9b\u00e9cois (r\u00e9gion du Nunavik). En 2001, Ashevak devient la premi\u00e8re femme inuite \u00e0 \u00eatre intronis\u00e9e dans l&#8217;All\u00e9e des c\u00e9l\u00e9brit\u00e9s canadiennes (Canada&#8217;s Walk of Fame) aux c\u00f4t\u00e9s d&#8217;autres c\u00e9l\u00e8bres artistes canadiens accomplis. En 2008, Kenojuak Ashevak est laur\u00e9ate du Prix du Gouverneur g\u00e9n\u00e9ral en arts visuels et en arts m\u00e9diatiques. L&#8217;artiste Kenojuak Ashevak a connu une longue et brillante carri\u00e8re, et ses \u0153uvres figurent dans de nombreuses collections publiques et priv\u00e9es partout dans le monde.<\/p>\n","protected":false},"excerpt":{"rendered":"<p>With a 120 lined pages and a hardcover, this journal is perfect to use at home, work or for any project. It was designed in Canada and royalty is paid to the artist for each journal sold.<\/p>\n<p>Dimensions : 4.7 x 6.7 inch (12 x 17 cm)<\/p>\n<p>Royalty is paid by our supplier for each product sold.<\/p>\n","protected":false},"featured_media":21769,"comment_status":"open","ping_status":"closed","template":"","meta":{"_acf_changed":false},"product_cat":[1904,296,1127,1577],"product_tag":[2205],"acf":[],"_links":{"self":[{"href":"https:\/\/www.historymuseum.ca\/boutique\/wp-json\/wp\/v2\/product\/21706"}],"collection":[{"href":"https:\/\/www.historymuseum.ca\/boutique\/wp-json\/wp\/v2\/product"}],"about":[{"href":"https:\/\/www.historymuseum.ca\/boutique\/wp-json\/wp\/v2\/types\/product"}],"replies":[{"embeddable":true,"href":"https:\/\/www.historymuseum.ca\/boutique\/wp-json\/wp\/v2\/comments?post=21706"}],"wp:featuredmedia":[{"embeddable":true,"href":"https:\/\/www.historymuseum.ca\/boutique\/wp-json\/wp\/v2\/media\/21769"}],"wp:attachment":[{"href":"https:\/\/www.historymuseum.ca\/boutique\/wp-json\/wp\/v2\/media?parent=21706"}],"wp:term":[{"taxonomy":"product_cat","embeddable":true,"href":"https:\/\/www.historymuseum.ca\/boutique\/wp-json\/wp\/v2\/product_cat?post=21706"},{"taxonomy":"product_tag","embeddable":true,"href":"https:\/\/www.historymuseum.ca\/boutique\/wp-json\/wp\/v2\/product_tag?post=21706"}],"curies":[{"name":"wp","href":"https:\/\/api.w.org\/{rel}","templated":true}]}}