
{"id":19832,"date":"2023-03-15T12:16:56","date_gmt":"2023-03-15T16:16:56","guid":{"rendered":"https:\/\/www.historymuseum.ca\/boutique\/?post_type=product&#038;p=19832"},"modified":"2026-03-20T14:41:32","modified_gmt":"2026-03-20T18:41:32","slug":"the-history-and-archaeology-of-the-iroquois-du-nord","status":"publish","type":"product","link":"https:\/\/www.historymuseum.ca\/boutique\/product\/the-history-and-archaeology-of-the-iroquois-du-nord\/","title":{"rendered":"The History and Archaeology of the Iroquois du Nord"},"content":{"rendered":"<p><strong><em>The History and Archaeology of the Iroquois du Nord<\/em><\/strong><br \/>\nby Robert von Bitter and Ronald F. Williamson<\/p>\n<p>Mars 2023, ISBN: 978-0-7766-3980-2<br \/>\nMercury Series,Archaeology Paper 182<br \/>\n357 pages,102 illustrations,6 \u00d7 9 in.,Paperback<br \/>\n(English only)<\/p>\n<p>&nbsp;<\/p>\n<p>In the mid- to late 1660s and early 1670s, the Haudenosaunee established a series of settlements at strategic locations along the trade routes inland at short distances from the north shore of Lake Ontario. From east to west, these Iroquois villages consisted of Ganneious, on Napanee or Hay Bay, on the Bay of Quinte; Kent\u00e9, near the isthmus of the Quinte Peninsula; Ganarask\u00e9, at the mouth of the Ganaraska River; Quintio, on Rice Lake; Ganatsekwyagon, near the mouth of the Rouge River; Teiaiagon, near the mouth of the Humber River; and Outinaouatoua, on the portage between the western end of Lake Ontario and the Grand River. While Outinaouatoua appears not to have had a primary affiliation, Ganatsekwyagon and Teiaiagon were mostly Seneca; Ganarask\u00e9, Kent\u00e9, and Quintio were likely Cayuga; and Ganneious was Oneida. Judging from documentary accounts, however, all the villages might have contained people from several Haudenosaunee constituencies as well as former Ontario Iroquoians who had been adopted by the Haudenosaunee.<\/p>\n<p>These self-sufficient villages acted as bases for their own inhabitants, as well as shelter for south-shore Haudenosaunee on their way to and from the beaver hunt beyond the lower Great Lakes. They may also have acted as \u201ctollgates\u201d for Anishinaabe fur brigades by which the Haudenosaunee could control the flow of furs to Albany. It has further been suggested that the continual harass\u00acment by the Andastes\/Susquehannock on the south side of Lake Ontario was another reason some Cayuga, and probably some Seneca and Oneida as well, moved north. One of these villages was also the site of a Sulpician mission, better known as the Kent\u00e9 or Quinte mission for where it was based. Beginning with the abb\u00e9s Claude Trouv\u00e9 and Fran\u00e7ois de Salignac de la Mothe-F\u00e9nelon at Kent\u00e9 in 1668, various Sulpicians visited the north-shore villages over the next decade. In 1676, Abb\u00e9 Mariet set up a subsidiary mission at Teiaiagon. It appears that most of the north-shore villages were abandoned by 1688. While they were likely due for relocation after twenty years, their depopulation seems to have been accelerated by hostilities with Anishinaabe and Denonville\u2019s cam\u00acpaign against the homelands in 1687.<\/p>\n<p>This volume brings together Indigenous knowledge as well as documentary and recent archaeological evidence of this period to focus on describing the historical context, efforts to find the villages, and examinations of the unique material culture discovered there and at similar settlements in the Haudenosaunee homeland.<\/p>\n","protected":false},"excerpt":{"rendered":"<p>In the mid- to late 1660s and early 1670s, the Haudenosaunee established a series of settlements at strategic locations along the trade routes inland at short distances from the north shore of Lake Ontario. This volume brings together Indigenous knowledge as well as documentary and recent archaeological evidence of this period to focus on describing the historical context, efforts to find the villages, and examinations of the unique material culture discovered there and at similar settlements in the Haudenosaunee homeland.<\/p>\n","protected":false},"featured_media":22467,"comment_status":"open","ping_status":"closed","template":"","meta":{"_acf_changed":false},"product_cat":[301,874,302],"product_tag":[],"acf":[],"_links":{"self":[{"href":"https:\/\/www.historymuseum.ca\/boutique\/wp-json\/wp\/v2\/product\/19832"}],"collection":[{"href":"https:\/\/www.historymuseum.ca\/boutique\/wp-json\/wp\/v2\/product"}],"about":[{"href":"https:\/\/www.historymuseum.ca\/boutique\/wp-json\/wp\/v2\/types\/product"}],"replies":[{"embeddable":true,"href":"https:\/\/www.historymuseum.ca\/boutique\/wp-json\/wp\/v2\/comments?post=19832"}],"wp:featuredmedia":[{"embeddable":true,"href":"https:\/\/www.historymuseum.ca\/boutique\/wp-json\/wp\/v2\/media\/22467"}],"wp:attachment":[{"href":"https:\/\/www.historymuseum.ca\/boutique\/wp-json\/wp\/v2\/media?parent=19832"}],"wp:term":[{"taxonomy":"product_cat","embeddable":true,"href":"https:\/\/www.historymuseum.ca\/boutique\/wp-json\/wp\/v2\/product_cat?post=19832"},{"taxonomy":"product_tag","embeddable":true,"href":"https:\/\/www.historymuseum.ca\/boutique\/wp-json\/wp\/v2\/product_tag?post=19832"}],"curies":[{"name":"wp","href":"https:\/\/api.w.org\/{rel}","templated":true}]}}