
{"id":11581,"date":"2018-11-28T12:00:46","date_gmt":"2018-11-28T17:00:46","guid":{"rendered":"https:\/\/www.historymuseum.ca\/boutique\/?post_type=product&#038;p=11581"},"modified":"2026-03-20T14:48:51","modified_gmt":"2026-03-20T18:48:51","slug":"prehistoire-beringienne-etude-archeologique-des-grottes-du-poisson-bleu-yukon","status":"publish","type":"product","link":"https:\/\/www.historymuseum.ca\/boutique\/product\/prehistoire-beringienne-etude-archeologique-des-grottes-du-poisson-bleu-yukon\/","title":{"rendered":"Pr\u00e9histoire b\u00e9ringienne: \u00c9tude arch\u00e9ologique des Grottes du Poisson-Bleu (Yukon)"},"content":{"rendered":"<p><strong>Pr\u00e9histoire b\u00e9ringienne: \u00c9tude arch\u00e9ologique des Grottes du Poisson-Bleu (Yukon)<\/strong><\/p>\n<p>by Lauriane Bourgeon<\/p>\n<p>2018,\u00a0978-2-7603-2735-1<br \/>\nMercury Series (Archaeology Paper 179)<br \/>\n448 pp., 67 illustrations, 17&#215;24 cm, paperback<\/p>\n<p>When did the first settlers arrive in North America? What routes did the first Americans use to get here? How did they adapt to climate and environmental conditions in the Arctic territories? Are they responsible for the megafauna extinction close to 14,000 years ago? Lauriane Bourgeon attempts to answer these questions based on an archaeological survey of the Bluefish Caves site located in Canada\u2019s Yukon Territory.<\/p>\n<p>A little over 36,000 animal bone samples were painstakingly examined under a microscope to identify traces of cultural activity. Six of the samples bore evidence of butchery marks produced by stone tools and were sent for radiocarbon dating. Results indicate human occupation at Bluefish Caves 24,000 years before present, in the middle of the ice age. This considerably pushes back the timing of humans\u2019 first entry into North America, previously thought to be around 15,000 years before present. Supported by genetic data, the archaeological survey suggests it was only after North America\u2019s ice masses gradually receded about 15,000 years ago that an isolated human population left the Far North to disperse across the continent.<\/p>\n<p><em>In french only<\/em><\/p>\n","protected":false},"excerpt":{"rendered":"<p>When did the first settlers arrive in North America? What routes did the first Americans use to get here? How did they adapt to climate and environmental conditions in the Arctic territories? Are they responsible for the megafauna extinction close to 14,000 years ago? Lauriane Bourgeon attempts to answer these questions based on an archaeological survey of the Bluefish Caves site located in Canada\u2019s Yukon Territory.<\/p>\n","protected":false},"featured_media":22501,"comment_status":"open","ping_status":"closed","template":"","meta":{"_acf_changed":false},"product_cat":[301,874,302],"product_tag":[],"acf":[],"_links":{"self":[{"href":"https:\/\/www.historymuseum.ca\/boutique\/wp-json\/wp\/v2\/product\/11581"}],"collection":[{"href":"https:\/\/www.historymuseum.ca\/boutique\/wp-json\/wp\/v2\/product"}],"about":[{"href":"https:\/\/www.historymuseum.ca\/boutique\/wp-json\/wp\/v2\/types\/product"}],"replies":[{"embeddable":true,"href":"https:\/\/www.historymuseum.ca\/boutique\/wp-json\/wp\/v2\/comments?post=11581"}],"wp:featuredmedia":[{"embeddable":true,"href":"https:\/\/www.historymuseum.ca\/boutique\/wp-json\/wp\/v2\/media\/22501"}],"wp:attachment":[{"href":"https:\/\/www.historymuseum.ca\/boutique\/wp-json\/wp\/v2\/media?parent=11581"}],"wp:term":[{"taxonomy":"product_cat","embeddable":true,"href":"https:\/\/www.historymuseum.ca\/boutique\/wp-json\/wp\/v2\/product_cat?post=11581"},{"taxonomy":"product_tag","embeddable":true,"href":"https:\/\/www.historymuseum.ca\/boutique\/wp-json\/wp\/v2\/product_tag?post=11581"}],"curies":[{"name":"wp","href":"https:\/\/api.w.org\/{rel}","templated":true}]}}